{"id":4594,"date":"2024-02-22T19:37:16","date_gmt":"2024-02-23T00:37:16","guid":{"rendered":"https:\/\/advisorsmortgage.com\/?page_id=4594"},"modified":"2024-03-06T11:40:54","modified_gmt":"2024-03-06T16:40:54","slug":"fha-loans-nj","status":"publish","type":"page","link":"https:\/\/advisorsmortgage.com\/es\/fha-loans-nj\/","title":{"rendered":"Pr\u00e9stamos FHA NJ: una gu\u00eda r\u00e1pida"},"content":{"rendered":"","protected":false},"excerpt":{"rendered":"","protected":false},"author":7,"featured_media":0,"parent":0,"menu_order":0,"comment_status":"closed","ping_status":"closed","template":"","meta":{"_acf_changed":false,"footnotes":""},"class_list":["post-4594","page","type-page","status-publish","hentry"],"acf":[],"yoast_head":"<!-- This site is optimized with the Yoast SEO Premium plugin v23.7 (Yoast SEO v23.7) - https:\/\/yoast.com\/wordpress\/plugins\/seo\/ -->\n<title>FHA Loans NJ - A Quick Guide - Advisors Mortgage Group<\/title>\n<meta name=\"description\" content=\"FHA Loans NJ with Advisors Mortgage Group. Homeownership from Hoboken to Cape May with low down payments, flexible credit, and expert guidance.\" \/>\n<meta name=\"robots\" content=\"index, follow, max-snippet:-1, max-image-preview:large, max-video-preview:-1\" \/>\n<link rel=\"canonical\" href=\"https:\/\/advisorsmortgage.com\/es\/fha-loans-nj\/\" \/>\n<meta property=\"og:locale\" content=\"es_MX\" \/>\n<meta property=\"og:type\" content=\"article\" \/>\n<meta property=\"og:title\" content=\"FHA Loans NJ - A Quick Guide\" \/>\n<meta property=\"og:description\" content=\"FHA Loans NJ with Advisors Mortgage Group. Homeownership from Hoboken to Cape May with low down payments, flexible credit, and expert guidance.\" \/>\n<meta property=\"og:url\" content=\"https:\/\/advisorsmortgage.com\/es\/fha-loans-nj\/\" \/>\n<meta property=\"og:site_name\" content=\"Advisors Mortgage Group\" \/>\n<meta property=\"article:modified_time\" content=\"2024-03-06T16:40:54+00:00\" \/>\n<meta name=\"twitter:card\" content=\"summary_large_image\" \/>\n<meta name=\"twitter:label1\" content=\"Tiempo de lectura\" \/>\n\t<meta name=\"twitter:data1\" content=\"6 minutos\" \/>\n<script type=\"application\/ld+json\" class=\"yoast-schema-graph\">{\"@context\":\"https:\/\/schema.org\",\"@graph\":[{\"@type\":\"WebPage\",\"@id\":\"https:\/\/advisorsmortgage.com\/fha-loans-nj\/\",\"url\":\"https:\/\/advisorsmortgage.com\/fha-loans-nj\/\",\"name\":\"FHA Loans NJ - A Quick Guide - Advisors Mortgage Group\",\"isPartOf\":{\"@id\":\"https:\/\/advisorsmortgage.com\/#website\"},\"datePublished\":\"2024-02-23T00:37:16+00:00\",\"dateModified\":\"2024-03-06T16:40:54+00:00\",\"description\":\"FHA Loans NJ with Advisors Mortgage Group. Homeownership from Hoboken to Cape May with low down payments, flexible credit, and expert guidance.\",\"breadcrumb\":{\"@id\":\"https:\/\/advisorsmortgage.com\/fha-loans-nj\/#breadcrumb\"},\"inLanguage\":\"es\",\"potentialAction\":[{\"@type\":\"ReadAction\",\"target\":[\"https:\/\/advisorsmortgage.com\/fha-loans-nj\/\"]}]},{\"@type\":\"BreadcrumbList\",\"@id\":\"https:\/\/advisorsmortgage.com\/fha-loans-nj\/#breadcrumb\",\"itemListElement\":[{\"@type\":\"ListItem\",\"position\":1,\"name\":\"Home\",\"item\":\"https:\/\/advisorsmortgage.com\/\"},{\"@type\":\"ListItem\",\"position\":2,\"name\":\"FHA Loans NJ &#8211; A Quick Guide\"}]},{\"@type\":\"WebSite\",\"@id\":\"https:\/\/advisorsmortgage.com\/#website\",\"url\":\"https:\/\/advisorsmortgage.com\/\",\"name\":\"Advisors Mortgage Group\",\"description\":\"\",\"potentialAction\":[{\"@type\":\"SearchAction\",\"target\":{\"@type\":\"EntryPoint\",\"urlTemplate\":\"https:\/\/advisorsmortgage.com\/?s={search_term_string}\"},\"query-input\":{\"@type\":\"PropertyValueSpecification\",\"valueRequired\":true,\"valueName\":\"search_term_string\"}}],\"inLanguage\":\"es\"}]}<\/script>\n<!-- \/ Yoast SEO Premium plugin. -->","yoast_head_json":{"title":"FHA Loans NJ - A Quick Guide - Advisors Mortgage Group","description":"FHA Loans NJ with Advisors Mortgage Group. Homeownership from Hoboken to Cape May with low down payments, flexible credit, and expert guidance.","robots":{"index":"index","follow":"follow","max-snippet":"max-snippet:-1","max-image-preview":"max-image-preview:large","max-video-preview":"max-video-preview:-1"},"canonical":"https:\/\/advisorsmortgage.com\/es\/fha-loans-nj\/","og_locale":"es_MX","og_type":"article","og_title":"FHA Loans NJ - A Quick Guide","og_description":"FHA Loans NJ with Advisors Mortgage Group. Homeownership from Hoboken to Cape May with low down payments, flexible credit, and expert guidance.","og_url":"https:\/\/advisorsmortgage.com\/es\/fha-loans-nj\/","og_site_name":"Advisors Mortgage Group","article_modified_time":"2024-03-06T16:40:54+00:00","twitter_card":"summary_large_image","twitter_misc":{"Tiempo de lectura":"6 minutos"},"schema":{"@context":"https:\/\/schema.org","@graph":[{"@type":"WebPage","@id":"https:\/\/advisorsmortgage.com\/fha-loans-nj\/","url":"https:\/\/advisorsmortgage.com\/fha-loans-nj\/","name":"FHA Loans NJ - A Quick Guide - Advisors Mortgage Group","isPartOf":{"@id":"https:\/\/advisorsmortgage.com\/#website"},"datePublished":"2024-02-23T00:37:16+00:00","dateModified":"2024-03-06T16:40:54+00:00","description":"FHA Loans NJ with Advisors Mortgage Group. Homeownership from Hoboken to Cape May with low down payments, flexible credit, and expert guidance.","breadcrumb":{"@id":"https:\/\/advisorsmortgage.com\/fha-loans-nj\/#breadcrumb"},"inLanguage":"es","potentialAction":[{"@type":"ReadAction","target":["https:\/\/advisorsmortgage.com\/fha-loans-nj\/"]}]},{"@type":"BreadcrumbList","@id":"https:\/\/advisorsmortgage.com\/fha-loans-nj\/#breadcrumb","itemListElement":[{"@type":"ListItem","position":1,"name":"Home","item":"https:\/\/advisorsmortgage.com\/"},{"@type":"ListItem","position":2,"name":"FHA Loans NJ &#8211; A Quick Guide"}]},{"@type":"WebSite","@id":"https:\/\/advisorsmortgage.com\/#website","url":"https:\/\/advisorsmortgage.com\/","name":"Advisors Mortgage Group","description":"","potentialAction":[{"@type":"SearchAction","target":{"@type":"EntryPoint","urlTemplate":"https:\/\/advisorsmortgage.com\/?s={search_term_string}"},"query-input":{"@type":"PropertyValueSpecification","valueRequired":true,"valueName":"search_term_string"}}],"inLanguage":"es"}]}},"_links":{"self":[{"href":"https:\/\/advisorsmortgage.com\/es\/wp-json\/wp\/v2\/pages\/4594"}],"collection":[{"href":"https:\/\/advisorsmortgage.com\/es\/wp-json\/wp\/v2\/pages"}],"about":[{"href":"https:\/\/advisorsmortgage.com\/es\/wp-json\/wp\/v2\/types\/page"}],"author":[{"embeddable":true,"href":"https:\/\/advisorsmortgage.com\/es\/wp-json\/wp\/v2\/users\/7"}],"replies":[{"embeddable":true,"href":"https:\/\/advisorsmortgage.com\/es\/wp-json\/wp\/v2\/comments?post=4594"}],"version-history":[{"count":0,"href":"https:\/\/advisorsmortgage.com\/es\/wp-json\/wp\/v2\/pages\/4594\/revisions"}],"wp:attachment":[{"href":"https:\/\/advisorsmortgage.com\/es\/wp-json\/wp\/v2\/media?parent=4594"}],"curies":[{"name":"wp","href":"https:\/\/api.w.org\/{rel}","templated":true}]}}